{"id":657,"date":"2017-04-21T13:11:01","date_gmt":"2017-04-21T13:11:01","guid":{"rendered":"http:\/\/zenswiss.ch\/?page_id=657"},"modified":"2024-01-30T14:23:48","modified_gmt":"2024-01-30T14:23:48","slug":"riscaldatori-a-infrarossi","status":"publish","type":"page","link":"https:\/\/zenswiss.ch\/it\/riscaldatori-a-infrarossi\/","title":{"rendered":"Riscaldatori a infrarossi"},"content":{"rendered":"<div class=\"wpb-content-wrapper\">[vc_row][vc_column][vc_column_text]\n<h2>ZenSwiss riscaldatori a infrarossi<\/h2>\n<p>La ZenSwiss convince in tutti i campi: un design sofisticato e senza tempo combinato con la pi\u00f9 recente ed efficiente tecnologia di riscaldamento a infrarossi. Il risultato \u00e8 stimolante: calore confortevole con un consumo energetico molto basso.<\/p>\n<p>I riscaldatori a infrarossi a bassa energia ZenSwiss generano un calore a infrarossi estremamente confortevole, paragonabile a quello di una stufa in maiolica, mentre tutti gli oggetti (pareti, mobili, occupanti) situati davanti al riscaldatore ZenSwiss vengono piacevolmente riscaldati.[\/vc_column_text][\/vc_column][\/vc_row][vc_row 0=&#8221;&#8221;][vc_column width=&#8221;2\/3&#8243;][vc_raw_html 0=&#8221;&#8221;]R3VhcmRhdGUlMjBsYSUyMGJyZXZlJTIwaW50cm9kdXppb25lJTIwc3VpJTIwcmlzY2FsZGF0b3JpJTIwYSUyMGluZnJhcm9zc2klMjBaZW5Td2lzcyUyMCUyOGluJTIwdGVkZXNjbyUyOSUzQSUyMCUzQ3NjcmlwdCUyMHNyYyUzRCUyMmh0dHBzJTNBJTJGJTJGZmFzdC53aXN0aWEuY29tJTJGZW1iZWQlMkZtZWRpYXMlMkZnM3RuNzFpZjFrLmpzb25wJTIyJTIwYXN5bmMlM0UlM0MlMkZzY3JpcHQlM0UlM0NzY3JpcHQlMjBzcmMlM0QlMjJodHRwcyUzQSUyRiUyRmZhc3Qud2lzdGlhLmNvbSUyRmFzc2V0cyUyRmV4dGVybmFsJTJGRS12MS5qcyUyMiUyMGFzeW5jJTNFJTNDJTJGc2NyaXB0JTNFJTNDZGl2JTIwY2xhc3MlM0QlMjJ3aXN0aWFfcmVzcG9uc2l2ZV9wYWRkaW5nJTIyJTIwc3R5bGUlM0QlMjJwYWRkaW5nJTNBNTYuMjUlMjUlMjAwJTIwMCUyMDAlM0Jwb3NpdGlvbiUzQXJlbGF0aXZlJTNCJTIyJTNFJTNDZGl2JTIwY2xhc3MlM0QlMjJ3aXN0aWFfcmVzcG9uc2l2ZV93cmFwcGVyJTIyJTIwc3R5bGUlM0QlMjJoZWlnaHQlM0ExMDAlMjUlM0JsZWZ0JTNBMCUzQnBvc2l0aW9uJTNBYWJzb2x1dGUlM0J0b3AlM0EwJTNCd2lkdGglM0ExMDAlMjUlM0IlMjIlM0UlM0NkaXYlMjBjbGFzcyUzRCUyMndpc3RpYV9lbWJlZCUyMHdpc3RpYV9hc3luY19nM3RuNzFpZjFrJTIwdmlkZW9Gb2FtJTNEdHJ1ZSUyMiUyMHN0eWxlJTNEJTIyaGVpZ2h0JTNBMTAwJTI1JTNCd2lkdGglM0ExMDAlMjUlMjIlM0UlMjZuYnNwJTNCJTNDJTJGZGl2JTNFJTNDJTJGZGl2JTNFJTNDJTJGZGl2JTNF[\/vc_raw_html][\/vc_column][vc_column width=&#8221;1\/3&#8243;][vc_row_inner 0=&#8221;&#8221;][vc_column_inner width=&#8221;1\/2&#8243;]<div class=\"vcex-spacing wpex-w-100 wpex-clear\" style=\"height:15px;\"><\/div>[vc_single_image image=&#8221;435&#8243;][vc_column_text 0=&#8221;&#8221;]\n<p style=\"text-align: center;\">100% Swiss Made<\/p>\n[\/vc_column_text][\/vc_column_inner][vc_column_inner width=&#8221;1\/2&#8243;][vc_single_image image=&#8221;454&#8243;][vc_column_text 0=&#8221;&#8221;]\n<p style=\"text-align: center;\">Certificato di sicurezza Ispettorato corrente ad alta tensione<\/p>\n[\/vc_column_text][\/vc_column_inner][\/vc_row_inner][vc_single_image image=&#8221;432&#8243;][vc_column_text 0=&#8221;&#8221;]\n<p style=\"text-align: center;\">Arte ingegneristica svizzera &amp; artigianato svizzero<\/p>\n[\/vc_column_text][\/vc_column][\/vc_row][vc_row][vc_column][vc_column_text]\n<h2>Sistema Lift &amp; Coast<\/h2>\n<p>Si pu\u00f2 pensare al sistema L &amp; C come al risparmio di carburante in un&#8217;automobile. Quando si accelera alla velocit\u00e0 di destinazione, si usa molta potenza, cio\u00e8 si applica il gas. Non appena viene raggiunta la velocit\u00e0 desiderata, per esempio 80 km\/h, il piede viene tolto dall&#8217;acceleratore e viene usato solo il gas necessario per mantenere la velocit\u00e0 con il minor consumo di energia possibile. Il controllo del riscaldatore a infrarossi ZenSwiss funziona quindi come un cruise control in un&#8217;auto, che utilizza costantemente un po&#8217; di energia, ma in modo minimo.<\/p>\n<p>Questo significa che l&#8217;elemento riscaldante non si spegne quasi mai completamente durante il tempo di funzionamento. Invece, il software controlla il consumo di energia in modo molto preciso attraverso una specie di valvola di corrente ed evita i superamenti o i mancati superamenti del consumo di energia e dello sviluppo della temperatura sulla superficie di riscaldamento. Il design del dispositivo a basse perdite e lo sviluppo di calore veloce, diretto e praticamente senza perdite aiutano a ottenere il massimo. Questo processo avviene in frazioni di secondo, senza rumore o grandi differenze di calore.<\/p>\n<p>Un altro vantaggio di questa tecnologia \u00e8 che funziona senza rel\u00e8. La suddetta valvola di flusso non genera usura durante il funzionamento, il che aumenta ulteriormente la durata dei riscaldatori a infrarossi ZenSwiss.[\/vc_column_text][\/vc_column][\/vc_row][vc_row 0=&#8221;&#8221; disable_element=&#8221;yes&#8221;][vc_column 0=&#8221;&#8221;][vc_column_text 0=&#8221;&#8221;]Die <em>ZenSwiss Niedrigenergie-Infrarotheizungen<\/em> sind in drei verschiedenen\u00a0Ausf\u00fchrungen erh\u00e4ltlich:[\/vc_column_text][\/vc_column][\/vc_row][vc_row][vc_column]<div class=\"vcex-heading vcex-module wpex-text-2xl wpex-font-normal wpex-m-auto wpex-max-w-100 vcex-heading-plain wpex-block wpex-text-left  wpb_animate_when_almost_visible wpb_appear appear\" style=\"font-weight:400;\"><span class=\"vcex-heading-inner wpex-inline-block wpex-clr\">I riscaldatori a infrarossi a basso consumo energetico ZenSwiss sono disponibili in due diversi modelli:<\/span><\/div>[\/vc_column][\/vc_row][vc_row 0=&#8221;&#8221;][vc_column width=&#8221;1\/2&#8243;][vc_btn title=&#8221;ZenSwiss Standard&#8221; color=&#8221;danger&#8221; size=&#8221;lg&#8221; align=&#8221;center&#8221; link=&#8221;url:http%3A%2F%2Fzenswiss.ch%2Friscaldatori-a-infrarossi%2Fzenswiss-standard%2F%3Flang%3Dit|||&#8221;][vc_single_image image=&#8221;168&#8243; onclick=&#8221;link_image&#8221;][\/vc_column][vc_column width=&#8221;1\/2&#8243;][vc_btn title=&#8221;ZenSwiss Deluxe&#8221; color=&#8221;danger&#8221; size=&#8221;lg&#8221; align=&#8221;center&#8221; link=&#8221;url:http%3A%2F%2Fzenswiss.ch%2Friscaldatori-a-infrarossi%2Fzenswiss-deluxe%2F%3Flang%3Dit|||&#8221;]<div class=\"vcex-spacing wpex-w-100 wpex-clear\" style=\"height:60px;\"><\/div>[vc_single_image image=&#8221;61&#8243; onclick=&#8221;link_image&#8221;][\/vc_column][\/vc_row][vc_row][vc_column]<div class=\"vcex-spacing wpex-w-100 wpex-clear\" style=\"height:15px;\"><\/div>[\/vc_column][\/vc_row]\n<\/div>","protected":false},"excerpt":{"rendered":"<p>[vc_row][vc_column][vc_column_text] ZenSwiss riscaldatori a infrarossi La ZenSwiss convince in tutti i campi: un design sofisticato e senza tempo combinato con la pi\u00f9 recente ed efficiente tecnologia di riscaldamento a infrarossi. Il risultato \u00e8 stimolante: calore confortevole con un consumo energetico molto basso. I riscaldatori a infrarossi a bassa energia ZenSwiss generano un calore a infrarossi&hellip;<\/p>\n","protected":false},"author":4,"featured_media":0,"parent":0,"menu_order":2,"comment_status":"closed","ping_status":"closed","template":"","meta":{"footnotes":""},"class_list":["post-657","page","type-page","status-publish","hentry","entry","no-media"],"yoast_head":"<!-- This site is optimized with the Yoast SEO plugin v27.4 - https:\/\/yoast.com\/product\/yoast-seo-wordpress\/ -->\n<title>Riscaldatori a infrarossi - ZenSwiss<\/title>\n<meta name=\"robots\" content=\"index, follow, max-snippet:-1, max-image-preview:large, max-video-preview:-1\" \/>\n<link rel=\"canonical\" href=\"https:\/\/rpbxyqnx.elementor.cloud\/infrarotheizungen\/\" \/>\n<meta property=\"og:locale\" content=\"it_IT\" \/>\n<meta property=\"og:type\" content=\"article\" \/>\n<meta property=\"og:title\" content=\"Riscaldatori a infrarossi - ZenSwiss\" \/>\n<meta property=\"og:description\" content=\"[vc_row][vc_column][vc_column_text] ZenSwiss riscaldatori a infrarossi La ZenSwiss convince in tutti i campi: un design sofisticato e senza tempo combinato con la pi\u00f9 recente ed efficiente tecnologia di riscaldamento a infrarossi. Il risultato \u00e8 stimolante: calore confortevole con un consumo energetico molto basso. I riscaldatori a infrarossi a bassa energia ZenSwiss generano un calore a infrarossi&hellip;\" \/>\n<meta property=\"og:url\" content=\"https:\/\/rpbxyqnx.elementor.cloud\/infrarotheizungen\/\" \/>\n<meta property=\"og:site_name\" content=\"ZenSwiss\" \/>\n<meta property=\"article:modified_time\" content=\"2024-01-30T14:23:48+00:00\" \/>\n<meta name=\"twitter:card\" content=\"summary_large_image\" \/>\n<meta name=\"twitter:label1\" content=\"Tempo di lettura stimato\" \/>\n\t<meta name=\"twitter:data1\" content=\"2 minuti\" \/>\n<script type=\"application\/ld+json\" class=\"yoast-schema-graph\">{\"@context\":\"https:\\\/\\\/schema.org\",\"@graph\":[{\"@type\":\"WebPage\",\"@id\":\"https:\\\/\\\/rpbxyqnx.elementor.cloud\\\/infrarotheizungen\\\/\",\"url\":\"https:\\\/\\\/rpbxyqnx.elementor.cloud\\\/infrarotheizungen\\\/\",\"name\":\"Riscaldatori a infrarossi - ZenSwiss\",\"isPartOf\":{\"@id\":\"https:\\\/\\\/www.zenswiss.ch\\\/#website\"},\"datePublished\":\"2017-04-21T13:11:01+00:00\",\"dateModified\":\"2024-01-30T14:23:48+00:00\",\"breadcrumb\":{\"@id\":\"https:\\\/\\\/rpbxyqnx.elementor.cloud\\\/infrarotheizungen\\\/#breadcrumb\"},\"inLanguage\":\"it-IT\",\"potentialAction\":[{\"@type\":\"ReadAction\",\"target\":[\"https:\\\/\\\/rpbxyqnx.elementor.cloud\\\/infrarotheizungen\\\/\"]}]},{\"@type\":\"BreadcrumbList\",\"@id\":\"https:\\\/\\\/rpbxyqnx.elementor.cloud\\\/infrarotheizungen\\\/#breadcrumb\",\"itemListElement\":[{\"@type\":\"ListItem\",\"position\":1,\"name\":\"Home\",\"item\":\"https:\\\/\\\/rpbxyqnx.elementor.cloud\\\/\"},{\"@type\":\"ListItem\",\"position\":2,\"name\":\"Riscaldatori a infrarossi\"}]},{\"@type\":\"WebSite\",\"@id\":\"https:\\\/\\\/www.zenswiss.ch\\\/#website\",\"url\":\"https:\\\/\\\/www.zenswiss.ch\\\/\",\"name\":\"ZenSwiss\",\"description\":\"\",\"publisher\":{\"@id\":\"https:\\\/\\\/www.zenswiss.ch\\\/#organization\"},\"potentialAction\":[{\"@type\":\"SearchAction\",\"target\":{\"@type\":\"EntryPoint\",\"urlTemplate\":\"https:\\\/\\\/www.zenswiss.ch\\\/?s={search_term_string}\"},\"query-input\":{\"@type\":\"PropertyValueSpecification\",\"valueRequired\":true,\"valueName\":\"search_term_string\"}}],\"inLanguage\":\"it-IT\"},{\"@type\":\"Organization\",\"@id\":\"https:\\\/\\\/www.zenswiss.ch\\\/#organization\",\"name\":\"ZenSwiss\",\"url\":\"https:\\\/\\\/www.zenswiss.ch\\\/\",\"logo\":{\"@type\":\"ImageObject\",\"inLanguage\":\"it-IT\",\"@id\":\"https:\\\/\\\/www.zenswiss.ch\\\/#\\\/schema\\\/logo\\\/image\\\/\",\"url\":\"https:\\\/\\\/zenswiss.ch\\\/wp-content\\\/uploads\\\/zenswiss-swiss-infrared-heating.png\",\"contentUrl\":\"https:\\\/\\\/zenswiss.ch\\\/wp-content\\\/uploads\\\/zenswiss-swiss-infrared-heating.png\",\"width\":3910,\"height\":710,\"caption\":\"ZenSwiss\"},\"image\":{\"@id\":\"https:\\\/\\\/www.zenswiss.ch\\\/#\\\/schema\\\/logo\\\/image\\\/\"}}]}<\/script>\n<!-- \/ Yoast SEO plugin. -->","yoast_head_json":{"title":"Riscaldatori a infrarossi - ZenSwiss","robots":{"index":"index","follow":"follow","max-snippet":"max-snippet:-1","max-image-preview":"max-image-preview:large","max-video-preview":"max-video-preview:-1"},"canonical":"https:\/\/rpbxyqnx.elementor.cloud\/infrarotheizungen\/","og_locale":"it_IT","og_type":"article","og_title":"Riscaldatori a infrarossi - ZenSwiss","og_description":"[vc_row][vc_column][vc_column_text] ZenSwiss riscaldatori a infrarossi La ZenSwiss convince in tutti i campi: un design sofisticato e senza tempo combinato con la pi\u00f9 recente ed efficiente tecnologia di riscaldamento a infrarossi. Il risultato \u00e8 stimolante: calore confortevole con un consumo energetico molto basso. I riscaldatori a infrarossi a bassa energia ZenSwiss generano un calore a infrarossi&hellip;","og_url":"https:\/\/rpbxyqnx.elementor.cloud\/infrarotheizungen\/","og_site_name":"ZenSwiss","article_modified_time":"2024-01-30T14:23:48+00:00","twitter_card":"summary_large_image","twitter_misc":{"Tempo di lettura stimato":"2 minuti"},"schema":{"@context":"https:\/\/schema.org","@graph":[{"@type":"WebPage","@id":"https:\/\/rpbxyqnx.elementor.cloud\/infrarotheizungen\/","url":"https:\/\/rpbxyqnx.elementor.cloud\/infrarotheizungen\/","name":"Riscaldatori a infrarossi - ZenSwiss","isPartOf":{"@id":"https:\/\/www.zenswiss.ch\/#website"},"datePublished":"2017-04-21T13:11:01+00:00","dateModified":"2024-01-30T14:23:48+00:00","breadcrumb":{"@id":"https:\/\/rpbxyqnx.elementor.cloud\/infrarotheizungen\/#breadcrumb"},"inLanguage":"it-IT","potentialAction":[{"@type":"ReadAction","target":["https:\/\/rpbxyqnx.elementor.cloud\/infrarotheizungen\/"]}]},{"@type":"BreadcrumbList","@id":"https:\/\/rpbxyqnx.elementor.cloud\/infrarotheizungen\/#breadcrumb","itemListElement":[{"@type":"ListItem","position":1,"name":"Home","item":"https:\/\/rpbxyqnx.elementor.cloud\/"},{"@type":"ListItem","position":2,"name":"Riscaldatori a infrarossi"}]},{"@type":"WebSite","@id":"https:\/\/www.zenswiss.ch\/#website","url":"https:\/\/www.zenswiss.ch\/","name":"ZenSwiss","description":"","publisher":{"@id":"https:\/\/www.zenswiss.ch\/#organization"},"potentialAction":[{"@type":"SearchAction","target":{"@type":"EntryPoint","urlTemplate":"https:\/\/www.zenswiss.ch\/?s={search_term_string}"},"query-input":{"@type":"PropertyValueSpecification","valueRequired":true,"valueName":"search_term_string"}}],"inLanguage":"it-IT"},{"@type":"Organization","@id":"https:\/\/www.zenswiss.ch\/#organization","name":"ZenSwiss","url":"https:\/\/www.zenswiss.ch\/","logo":{"@type":"ImageObject","inLanguage":"it-IT","@id":"https:\/\/www.zenswiss.ch\/#\/schema\/logo\/image\/","url":"https:\/\/zenswiss.ch\/wp-content\/uploads\/zenswiss-swiss-infrared-heating.png","contentUrl":"https:\/\/zenswiss.ch\/wp-content\/uploads\/zenswiss-swiss-infrared-heating.png","width":3910,"height":710,"caption":"ZenSwiss"},"image":{"@id":"https:\/\/www.zenswiss.ch\/#\/schema\/logo\/image\/"}}]}},"_links":{"self":[{"href":"https:\/\/zenswiss.ch\/it\/wp-json\/wp\/v2\/pages\/657","targetHints":{"allow":["GET"]}}],"collection":[{"href":"https:\/\/zenswiss.ch\/it\/wp-json\/wp\/v2\/pages"}],"about":[{"href":"https:\/\/zenswiss.ch\/it\/wp-json\/wp\/v2\/types\/page"}],"author":[{"embeddable":true,"href":"https:\/\/zenswiss.ch\/it\/wp-json\/wp\/v2\/users\/4"}],"replies":[{"embeddable":true,"href":"https:\/\/zenswiss.ch\/it\/wp-json\/wp\/v2\/comments?post=657"}],"version-history":[{"count":5,"href":"https:\/\/zenswiss.ch\/it\/wp-json\/wp\/v2\/pages\/657\/revisions"}],"predecessor-version":[{"id":1220,"href":"https:\/\/zenswiss.ch\/it\/wp-json\/wp\/v2\/pages\/657\/revisions\/1220"}],"wp:attachment":[{"href":"https:\/\/zenswiss.ch\/it\/wp-json\/wp\/v2\/media?parent=657"}],"curies":[{"name":"wp","href":"https:\/\/api.w.org\/{rel}","templated":true}]}}